{"id":1620,"date":"2023-11-06T15:53:33","date_gmt":"2023-11-06T14:53:33","guid":{"rendered":"https:\/\/kayssoun.com\/?post_type=product&#038;p=1620"},"modified":"2026-02-01T01:52:37","modified_gmt":"2026-02-01T00:52:37","slug":"passion","status":"publish","type":"product","link":"https:\/\/kayssoun.com\/en\/boutique\/parfum\/passion\/","title":{"rendered":"Passion"},"content":{"rendered":"<p>Musk Passion est un parfum indien d\u2019exception, rare et envo\u00fbtant, cr\u00e9\u00e9 pour les amateurs de senteurs profondes et sensuelles.<br \/>\nV\u00e9ritable \u0153uvre olfactive, il s\u2019ouvre sur des notes de t\u00eate puissantes de musc noir, m\u00eal\u00e9es \u00e0 des effluves \u00e9pic\u00e9es d\u2019encens.<\/p>\n<p>D\u00e8s les premi\u00e8res secondes, il capte l\u2019attention et intrigue par sa force et son raffinement.<\/p>\n<p>Sa note de c\u0153ur, plus chaude et apaisante, r\u00e9v\u00e8le des accents de cuir vieilli, de r\u00e9glisse d\u00e9licate et de bois fum\u00e9s, \u00e9voquant les march\u00e9s d\u2019Orient et les temples parfum\u00e9s d\u2019Inde.<\/p>\n<p>Cette combinaison cr\u00e9e un \u00e9quilibre parfait entre intensit\u00e9 et douceur, conf\u00e9rant \u00e0 ce parfum une allure noble et captivante.<\/p>\n<p>En fond, Musk Passion d\u00e9voile une profondeur bois\u00e9e et terreuse, enrichie de touches ambr\u00e9es et l\u00e9g\u00e8rement balsamiques.<\/p>\n<p>Ces nuances enveloppent la peau d\u2019une chaleur sensuelle et persistante, faisant de chaque effluve une exp\u00e9rience presque m\u00e9ditative.<\/p>\n<p>Ce parfum rare ne se d\u00e9couvre pas \u00e0 la l\u00e9g\u00e8re : il s\u2019appr\u00e9cie, se vit et s\u2019apprivoise.<\/p>\n<p>Son intensit\u00e9 demande \u00e0 \u00eatre test\u00e9e en \u00e9chantillon avant l\u2019achat.<\/p>\n<p>Une seule goutte suffit \u00e0 laisser sur la peau une empreinte inoubliable, symbole de force et d\u2019\u00e9l\u00e9gance intemporelle.<\/p>\n<p>Disponible en flacon de 3ml et 12ml selon votre choix.<\/p>\n<p>Dans le m\u00eame esprit de sacralit\u00e9e, d\u00e9couvrez le parfum Satin\u00a0<a href=\"https:\/\/kayssoun.com\/en\/boutique\/parfum\/satin\/\">https:\/\/kayssoun.com\/boutique\/parfum\/satin\/<\/a><\/p>\n<p>Visitez notre m\u00e9dia TikTok\u00a0<a href=\"https:\/\/www.tiktok.com\/@kayssoun_parfums?_t=ZN-90T0RMlIE1j&amp;_r=1\">https:\/\/www.tiktok.com\/@kayssoun_parfums?_t=ZN-90T0RMlIE1j&amp;_r=1<\/a><\/p>","protected":false},"excerpt":{"rendered":"<p>Musk Passion est un parfum indien rare aux notes de musc noir, d\u2019encens et de cuir. Puissant, chaud et sensuel, il laisse un sillage profond et envo\u00fbtant.<\/p>\n<p><span style=\"font-size: 14.4px;\">Un parfum offrant une exp\u00e9rience olfactive durable aux propri\u00e9t\u00e9s aphrodisiaques.<\/span><\/p>","protected":false},"featured_media":2499,"comment_status":"open","ping_status":"closed","template":"","meta":[],"product_brand":[],"product_cat":[19],"product_tag":[28,241,38,239,238,33,42],"class_list":{"0":"post-1620","1":"product","2":"type-product","3":"status-publish","4":"has-post-thumbnail","6":"product_cat-parfum","7":"product_tag-woody","8":"product_tag-encens","9":"product_tag-epice","10":"product_tag-reglisse","11":"product_tag-riche","12":"product_tag-sucre","13":"product_tag-vanille","15":"first","16":"instock","17":"sale","18":"shipping-taxable","19":"purchasable","20":"product-type-variable","21":"has-default-attributes"},"aioseo_notices":[],"jetpack_sharing_enabled":true,"_links":{"self":[{"href":"https:\/\/kayssoun.com\/en\/wp-json\/wp\/v2\/product\/1620","targetHints":{"allow":["GET"]}}],"collection":[{"href":"https:\/\/kayssoun.com\/en\/wp-json\/wp\/v2\/product"}],"about":[{"href":"https:\/\/kayssoun.com\/en\/wp-json\/wp\/v2\/types\/product"}],"replies":[{"embeddable":true,"href":"https:\/\/kayssoun.com\/en\/wp-json\/wp\/v2\/comments?post=1620"}],"wp:featuredmedia":[{"embeddable":true,"href":"https:\/\/kayssoun.com\/en\/wp-json\/wp\/v2\/media\/2499"}],"wp:attachment":[{"href":"https:\/\/kayssoun.com\/en\/wp-json\/wp\/v2\/media?parent=1620"}],"wp:term":[{"taxonomy":"product_brand","embeddable":true,"href":"https:\/\/kayssoun.com\/en\/wp-json\/wp\/v2\/product_brand?post=1620"},{"taxonomy":"product_cat","embeddable":true,"href":"https:\/\/kayssoun.com\/en\/wp-json\/wp\/v2\/product_cat?post=1620"},{"taxonomy":"product_tag","embeddable":true,"href":"https:\/\/kayssoun.com\/en\/wp-json\/wp\/v2\/product_tag?post=1620"}],"curies":[{"name":"wp","href":"https:\/\/api.w.org\/{rel}","templated":true}]}}