{"id":1614,"date":"2023-11-04T14:16:16","date_gmt":"2023-11-04T13:16:16","guid":{"rendered":"https:\/\/kayssoun.com\/?post_type=product&#038;p=1614"},"modified":"2026-03-20T13:24:45","modified_gmt":"2026-03-20T12:24:45","slug":"cloud","status":"publish","type":"product","link":"https:\/\/kayssoun.com\/en\/boutique\/parfum\/cloud\/","title":{"rendered":"Cloud"},"content":{"rendered":"<p>Cloud is a harmonious fragrance that combines muted notes of agarwood, leathers, etc.<\/p>\n<p>a very popular perfume in Kerala it is fair and pleasant, its soothing scent is heavy and woody.<\/p>\n<p>A surprising balance for this type of scent, present without being overpowering.<\/p>\n<p>It takes its name from the cloud which precedes the arrival of rain, this sensation where time seems to slow down in a humid gravity.<\/p>\n<p>Medium sillage, long lasting, oily texture.<\/p>\n<p>Disponible en flacon de 3ml et 12ml selon votre choix.<\/p>\n<p>&nbsp;<\/p>\n<p>D\u00e9couvrez \u00e9galement le parfum N\u00e9gus\u00a0<a href=\"https:\/\/kayssoun.com\/en\/boutique\/parfum\/negus\/\">https:\/\/kayssoun.com\/boutique\/parfum\/negus\/<\/a><\/p>\n<p>Visitez notre TikTok\u00a0<a href=\"https:\/\/www.tiktok.com\/@kayssoun_parfums?_t=ZN-90T0RMlIE1j&amp;_r=1\">https:\/\/www.tiktok.com\/@kayssoun_parfums?_t=ZN-90T0RMlIE1j&amp;_r=1<\/a><\/p>\n<p>&nbsp;<\/p>","protected":false},"excerpt":{"rendered":"<p>Le parfum Cloud a des effluves chaudes et \u00e9quilibr\u00e9es de oud, de santal..<\/p>\n<p>Un parfum doux et apaisant.<\/p>","protected":false},"featured_media":2529,"comment_status":"open","ping_status":"closed","template":"","meta":[],"product_brand":[],"product_cat":[19],"product_tag":[28,52,256,257,32],"class_list":{"0":"post-1614","1":"product","2":"type-product","3":"status-publish","4":"has-post-thumbnail","6":"product_cat-parfum","7":"product_tag-woody","8":"product_tag-cuir","9":"product_tag-equilibre","10":"product_tag-feutre","11":"product_tag-terreux","13":"first","14":"instock","15":"sale","16":"featured","17":"shipping-taxable","18":"purchasable","19":"product-type-variable","20":"has-default-attributes"},"aioseo_notices":[],"jetpack_sharing_enabled":true,"_links":{"self":[{"href":"https:\/\/kayssoun.com\/en\/wp-json\/wp\/v2\/product\/1614","targetHints":{"allow":["GET"]}}],"collection":[{"href":"https:\/\/kayssoun.com\/en\/wp-json\/wp\/v2\/product"}],"about":[{"href":"https:\/\/kayssoun.com\/en\/wp-json\/wp\/v2\/types\/product"}],"replies":[{"embeddable":true,"href":"https:\/\/kayssoun.com\/en\/wp-json\/wp\/v2\/comments?post=1614"}],"wp:featuredmedia":[{"embeddable":true,"href":"https:\/\/kayssoun.com\/en\/wp-json\/wp\/v2\/media\/2529"}],"wp:attachment":[{"href":"https:\/\/kayssoun.com\/en\/wp-json\/wp\/v2\/media?parent=1614"}],"wp:term":[{"taxonomy":"product_brand","embeddable":true,"href":"https:\/\/kayssoun.com\/en\/wp-json\/wp\/v2\/product_brand?post=1614"},{"taxonomy":"product_cat","embeddable":true,"href":"https:\/\/kayssoun.com\/en\/wp-json\/wp\/v2\/product_cat?post=1614"},{"taxonomy":"product_tag","embeddable":true,"href":"https:\/\/kayssoun.com\/en\/wp-json\/wp\/v2\/product_tag?post=1614"}],"curies":[{"name":"wp","href":"https:\/\/api.w.org\/{rel}","templated":true}]}}