{"id":1608,"date":"2023-11-04T13:57:53","date_gmt":"2023-11-04T12:57:53","guid":{"rendered":"https:\/\/kayssoun.com\/?post_type=product&#038;p=1608"},"modified":"2026-02-01T01:52:37","modified_gmt":"2026-02-01T00:52:37","slug":"smile","status":"publish","type":"product","link":"https:\/\/kayssoun.com\/en\/boutique\/parfum\/smile\/","title":{"rendered":"Smile"},"content":{"rendered":"<p>Un parfum enjou\u00e9, aux notes fra\u00eeches et poudreuses d&#8217;agrumes , cl\u00e9mentines, mangue..<\/p>\n<p>Id\u00e9al pour nous accompagner tout au long de la journ\u00e9e.<\/p>\n<p>Its sillage is medium, its hold is long and its texture is oily.<\/p>\n<p>Disponible en flacon de 3ml et 12ml selon votre choix.<\/p>\n<p>dans le m\u00eame esprit d\u00e9couvrez le parfum Layya\u00a0<a href=\"https:\/\/kayssoun.com\/en\/boutique\/parfum\/musc-layya\/\">https:\/\/kayssoun.com\/boutique\/parfum\/musc-layya\/<\/a><\/p>\n<p>Visitez notre m\u00e9dia TikTok\u00a0<a href=\"https:\/\/www.tiktok.com\/@kayssoun_parfums?_t=ZN-90T0RMlIE1j&amp;_r=1\">https:\/\/www.tiktok.com\/@kayssoun_parfums?_t=ZN-90T0RMlIE1j&amp;_r=1<\/a><\/p>\n<p>&nbsp;<\/p>","protected":false},"excerpt":{"rendered":"<p>Smile est une fragrance fra\u00eeche appr\u00e9ci\u00e9e par la plupart des personnes pour sa fra\u00eecheur sucr\u00e9e.<\/p>","protected":false},"featured_media":2536,"comment_status":"open","ping_status":"closed","template":"","meta":[],"product_brand":[],"product_cat":[19],"product_tag":[255,35,30,36,33],"class_list":{"0":"post-1608","1":"product","2":"type-product","3":"status-publish","4":"has-post-thumbnail","6":"product_cat-parfum","7":"product_tag-agrumes","8":"product_tag-doux","9":"product_tag-flowery","10":"product_tag-frais","11":"product_tag-sucre","13":"first","14":"instock","15":"sale","16":"featured","17":"shipping-taxable","18":"purchasable","19":"product-type-variable","20":"has-default-attributes"},"aioseo_notices":[],"jetpack_sharing_enabled":true,"_links":{"self":[{"href":"https:\/\/kayssoun.com\/en\/wp-json\/wp\/v2\/product\/1608","targetHints":{"allow":["GET"]}}],"collection":[{"href":"https:\/\/kayssoun.com\/en\/wp-json\/wp\/v2\/product"}],"about":[{"href":"https:\/\/kayssoun.com\/en\/wp-json\/wp\/v2\/types\/product"}],"replies":[{"embeddable":true,"href":"https:\/\/kayssoun.com\/en\/wp-json\/wp\/v2\/comments?post=1608"}],"wp:featuredmedia":[{"embeddable":true,"href":"https:\/\/kayssoun.com\/en\/wp-json\/wp\/v2\/media\/2536"}],"wp:attachment":[{"href":"https:\/\/kayssoun.com\/en\/wp-json\/wp\/v2\/media?parent=1608"}],"wp:term":[{"taxonomy":"product_brand","embeddable":true,"href":"https:\/\/kayssoun.com\/en\/wp-json\/wp\/v2\/product_brand?post=1608"},{"taxonomy":"product_cat","embeddable":true,"href":"https:\/\/kayssoun.com\/en\/wp-json\/wp\/v2\/product_cat?post=1608"},{"taxonomy":"product_tag","embeddable":true,"href":"https:\/\/kayssoun.com\/en\/wp-json\/wp\/v2\/product_tag?post=1608"}],"curies":[{"name":"wp","href":"https:\/\/api.w.org\/{rel}","templated":true}]}}