{"id":1603,"date":"2023-11-04T13:40:01","date_gmt":"2023-11-04T12:40:01","guid":{"rendered":"https:\/\/kayssoun.com\/?post_type=product&#038;p=1603"},"modified":"2026-03-20T13:24:45","modified_gmt":"2026-03-20T12:24:45","slug":"la-voix","status":"publish","type":"product","link":"https:\/\/kayssoun.com\/en\/boutique\/parfum\/la-voix\/","title":{"rendered":"The voice"},"content":{"rendered":"<p>La Voix est un parfum rayonnant, une cr\u00e9ation d\u2019exception n\u00e9e sous le soleil de l\u2019Inde.<br \/>\nCompos\u00e9 avec soin par un ma\u00eetre parfumeur, il incarne l\u2019\u00e9l\u00e9gance artisanale et la puret\u00e9 des essences naturelles.<\/p>\n<p>Sa texture huileuse glisse sur la peau, laissant une trace sensuelle et lumineuse. La couleur jaune solaire de son \u00e9lixir refl\u00e8te l\u2019\u00e9nergie \u00e9clatante des agrumes et du melon qui l\u2019animent.<\/p>\n<p>D\u00e8s les premi\u00e8res notes, une explosion d\u2019agrumes envo\u00fbte les sens. L\u2019orange douce et juteuse s\u2019unit au zeste citronn\u00e9 pour cr\u00e9er un d\u00e9part vif et p\u00e9tillant. Le melon, rond et sucr\u00e9, adoucit cette fra\u00eecheur en lui apportant une touche fruit\u00e9e et velout\u00e9e. Ensemble, ces notes de t\u00eate \u00e9veillent la joie et la vitalit\u00e9, comme une matin\u00e9e dor\u00e9e sous les tropiques.<\/p>\n<p>En son c\u0153ur, La Voix r\u00e9v\u00e8le une harmonie subtile de fleurs blanches et de muscs l\u00e9gers. Jasmin et n\u00e9roli se fondent dans une douceur a\u00e9rienne, \u00e9voquant la puret\u00e9 et la s\u00e9r\u00e9nit\u00e9.<\/p>\n<p>Peu \u00e0 peu, les notes de fond prennent le relais, riches et enveloppantes. Le bois de santal, la vanille et une pointe d\u2019ambre prolongent la chaleur du parfum.<\/p>\n<p>Son sillage est ample, lumineux et persistant, une v\u00e9ritable signature olfactive qui accompagne longtemps la peau et l\u2019esprit.<\/p>\n<p>Disponible en flacon de 3ml et 12ml selon votre choix.<\/p>\n<p>dans la m\u00eame ambiance, d\u00e9couvrez le parfum Boukiban\u00a0<a href=\"https:\/\/kayssoun.com\/en\/boutique\/parfum\/boukiban\/\">https:\/\/kayssoun.com\/boutique\/parfum\/boukiban\/<\/a><\/p>\n<p>Visitez notre m\u00e9dia TikTok\u00a0<a href=\"https:\/\/www.tiktok.com\/@kayssoun_parfums?_t=ZN-90T0RMlIE1j&amp;_r=1\">https:\/\/www.tiktok.com\/@kayssoun_parfums?_t=ZN-90T0RMlIE1j&amp;_r=1<\/a><\/p>","protected":false},"excerpt":{"rendered":"<p>Parfum La Voix: aux notes d\u2019agrumes, d\u2019orange et de melon, fait artisanalement en Inde. Sa texture est huileuse, son sillage intense et sa tenue longue.<\/p>","protected":false},"featured_media":2797,"comment_status":"open","ping_status":"closed","template":"","meta":[],"product_brand":[],"product_cat":[19],"product_tag":[34,242,31],"class_list":{"0":"post-1603","1":"product","2":"type-product","3":"status-publish","4":"has-post-thumbnail","6":"product_cat-parfum","7":"product_tag-ambre","8":"product_tag-opium","9":"product_tag-patchouli","11":"first","12":"instock","13":"sale","14":"shipping-taxable","15":"purchasable","16":"product-type-variable","17":"has-default-attributes"},"aioseo_notices":[],"jetpack_sharing_enabled":true,"_links":{"self":[{"href":"https:\/\/kayssoun.com\/en\/wp-json\/wp\/v2\/product\/1603","targetHints":{"allow":["GET"]}}],"collection":[{"href":"https:\/\/kayssoun.com\/en\/wp-json\/wp\/v2\/product"}],"about":[{"href":"https:\/\/kayssoun.com\/en\/wp-json\/wp\/v2\/types\/product"}],"replies":[{"embeddable":true,"href":"https:\/\/kayssoun.com\/en\/wp-json\/wp\/v2\/comments?post=1603"}],"wp:featuredmedia":[{"embeddable":true,"href":"https:\/\/kayssoun.com\/en\/wp-json\/wp\/v2\/media\/2797"}],"wp:attachment":[{"href":"https:\/\/kayssoun.com\/en\/wp-json\/wp\/v2\/media?parent=1603"}],"wp:term":[{"taxonomy":"product_brand","embeddable":true,"href":"https:\/\/kayssoun.com\/en\/wp-json\/wp\/v2\/product_brand?post=1603"},{"taxonomy":"product_cat","embeddable":true,"href":"https:\/\/kayssoun.com\/en\/wp-json\/wp\/v2\/product_cat?post=1603"},{"taxonomy":"product_tag","embeddable":true,"href":"https:\/\/kayssoun.com\/en\/wp-json\/wp\/v2\/product_tag?post=1603"}],"curies":[{"name":"wp","href":"https:\/\/api.w.org\/{rel}","templated":true}]}}