{"id":1597,"date":"2023-11-04T13:25:45","date_gmt":"2023-11-04T12:25:45","guid":{"rendered":"https:\/\/kayssoun.com\/?post_type=product&#038;p=1597"},"modified":"2026-03-09T01:45:32","modified_gmt":"2026-03-09T00:45:32","slug":"negus","status":"publish","type":"product","link":"https:\/\/kayssoun.com\/en\/boutique\/parfum\/negus\/","title":{"rendered":"Negus"},"content":{"rendered":"<p>Le parfum N\u00e9gus est une cr\u00e9ation d\u2019exception, \u00e9labor\u00e9e artisanalement en Inde par un ma\u00eetre parfumeur au savoir-faire ancestral.<\/p>\n<p>Son essence douce et envo\u00fbtante se r\u00e9v\u00e8le \u00e0 travers une texture huileuse qui glisse d\u00e9licatement sur la peau, laissant un \u00e9clat chaleureux et dor\u00e9.<\/p>\n<p>Sa couleur ensoleill\u00e9e \u00e9voque la lumi\u00e8re des terres orientales, symbole de puret\u00e9 et de raffinement.<\/p>\n<p>Chaque goutte diffuse un parfum harmonieux, inspir\u00e9 des traditions anciennes et du luxe discret des fragrances naturelles.<\/p>\n<p>En note de t\u00eate, N\u00e9gus s\u2019ouvre sur une effluve sucr\u00e9e d\u2019amande douce, subtilement m\u00eal\u00e9e \u00e0 une touche de miel clair.<\/p>\n<p>Cette premi\u00e8re impression \u00e9voque la douceur d\u2019un dessert oriental, raffin\u00e9 et r\u00e9confortant.<\/p>\n<p>Elle attire imm\u00e9diatement l\u2019attention par son c\u00f4t\u00e9 gourmand, sans jamais devenir ent\u00eatante.<\/p>\n<p>En note de c\u0153ur, le parfum d\u00e9voile un bouquet plus chaud, domin\u00e9 par des accords floraux cr\u00e9meux et l\u00e9g\u00e8rement poudr\u00e9s.<\/p>\n<p>Un soup\u00e7on de f\u00e8ve tonka et de vanille naturelle vient envelopper les sens d\u2019une caresse velout\u00e9e.<\/p>\n<p>Cette phase incarne la tendresse et la sensualit\u00e9 d\u2019un parfum con\u00e7u pour apaiser et s\u00e9duire.<\/p>\n<p>Enfin, les notes de fond reposent sur une base noble de bois de santal et d\u2019ambre dor\u00e9.<\/p>\n<p>Elles prolongent la douceur des premi\u00e8res senteurs tout en ajoutant une profondeur apaisante et sensuelle.<\/p>\n<p>Le sillage moyen laisse derri\u00e8re soi une impression durable de confort et d\u2019\u00e9l\u00e9gance discr\u00e8te.<\/p>\n<p>N\u00e9gus est une fragrance intime, raffin\u00e9e et r\u00e9confortante, v\u00e9ritable hommage \u00e0 la d\u00e9licatesse et \u00e0 l\u2019art du parfum indien.<\/p>\n<p>Disponible en flacon de 3ml et 12ml selon votre choix.<\/p>\n<p>Dans le m\u00eame esprit, d\u00e9couvrez le parfum Sina\u00ef\u00a0<a href=\"https:\/\/kayssoun.com\/en\/boutique\/parfum\/sinai\/\">https:\/\/kayssoun.com\/boutique\/parfum\/sinai\/<\/a><\/p>\n<p>Visitez notre TikTok\u00a0<a href=\"https:\/\/www.tiktok.com\/@kayssoun_parfums?_t=ZN-90T0RMlIE1j&amp;_r=1\">https:\/\/www.tiktok.com\/@kayssoun_parfums?_t=ZN-90T0RMlIE1j&amp;_r=1<\/a><\/p>","protected":false},"excerpt":{"rendered":"<p>N\u00e9gus est un parfum doux et raffin\u00e9 aux notes d\u2019amande sucr\u00e9e, de santal et d\u2019ambre. Fait en Inde, il offre une longue tenue et un sillage \u00e9l\u00e9gant.<\/p>","protected":false},"featured_media":2530,"comment_status":"open","ping_status":"closed","template":"","meta":[],"product_brand":[],"product_cat":[19],"product_tag":[254,35,33,42],"class_list":{"0":"post-1597","1":"product","2":"type-product","3":"status-publish","4":"has-post-thumbnail","6":"product_cat-parfum","7":"product_tag-amande","8":"product_tag-doux","9":"product_tag-sucre","10":"product_tag-vanille","12":"first","13":"instock","14":"sale","15":"shipping-taxable","16":"purchasable","17":"product-type-variable","18":"has-default-attributes"},"aioseo_notices":[],"jetpack_sharing_enabled":true,"_links":{"self":[{"href":"https:\/\/kayssoun.com\/en\/wp-json\/wp\/v2\/product\/1597","targetHints":{"allow":["GET"]}}],"collection":[{"href":"https:\/\/kayssoun.com\/en\/wp-json\/wp\/v2\/product"}],"about":[{"href":"https:\/\/kayssoun.com\/en\/wp-json\/wp\/v2\/types\/product"}],"replies":[{"embeddable":true,"href":"https:\/\/kayssoun.com\/en\/wp-json\/wp\/v2\/comments?post=1597"}],"wp:featuredmedia":[{"embeddable":true,"href":"https:\/\/kayssoun.com\/en\/wp-json\/wp\/v2\/media\/2530"}],"wp:attachment":[{"href":"https:\/\/kayssoun.com\/en\/wp-json\/wp\/v2\/media?parent=1597"}],"wp:term":[{"taxonomy":"product_brand","embeddable":true,"href":"https:\/\/kayssoun.com\/en\/wp-json\/wp\/v2\/product_brand?post=1597"},{"taxonomy":"product_cat","embeddable":true,"href":"https:\/\/kayssoun.com\/en\/wp-json\/wp\/v2\/product_cat?post=1597"},{"taxonomy":"product_tag","embeddable":true,"href":"https:\/\/kayssoun.com\/en\/wp-json\/wp\/v2\/product_tag?post=1597"}],"curies":[{"name":"wp","href":"https:\/\/api.w.org\/{rel}","templated":true}]}}