{"id":1590,"date":"2023-11-04T12:53:49","date_gmt":"2023-11-04T11:53:49","guid":{"rendered":"https:\/\/kayssoun.com\/?post_type=product&#038;p=1590"},"modified":"2026-02-16T21:52:39","modified_gmt":"2026-02-16T20:52:39","slug":"parfum-sword","status":"publish","type":"product","link":"https:\/\/kayssoun.com\/en\/boutique\/parfum\/parfum-sword\/","title":{"rendered":"Parfum Sword"},"content":{"rendered":"<p>Parfum Sword<\/p>\n<p>Originaire d\u2019Inde, le parfum Sword est une huile rare \u00e0 la couleur brune tr\u00e8s fonc\u00e9, presque noire.<\/p>\n<p>Il se distingue par une tenue longue et un sillage ample, enveloppant celui qui le porte dans une aura captivante.<\/p>\n<p>Sa note de t\u00eate d\u00e9voile une fra\u00eecheur anis\u00e9e qui se remarque subtilement, comme un \u00e9cho l\u00e9ger au c\u0153ur bois\u00e9 et aux nuances de mousse verte et humide des for\u00eats anciennes.<\/p>\n<p>En fond, la profondeur sombre du parfum ancre une impression de myst\u00e8re et de distinction.<\/p>\n<p>Le parfum Sword tire son nom de sa capacit\u00e9 \u00e0 capturer l\u2019attention, comme une \u00e9p\u00e9e qui s\u00e9pare ce qu\u2019elle coupe en un \u00ab avant \u00bb et un \u00ab apr\u00e8s \u00bb.<br \/>\nC\u2019est un parfum qui \u00e9voque le chemin bord\u00e9 de foug\u00e8res et de mousses, laissant un sillage frais et anis\u00e9 derri\u00e8re lui.<\/p>\n<p>Disponible en flacons de 3 ml ou 12 ml selon votre choix.<\/p>\n<p>le musc Sword s\u2019adapte \u00e0 vos pr\u00e9f\u00e9rences et \u00e0 vos envies.<\/p>\n<p>Et si vous souhaitez explorer une autre fragrance aux notes tout aussi intrigantes, laissez-vous tenter par le parfum Santal Kerala\u00a0<a href=\"https:\/\/kayssoun.com\/en\/boutique\/parfum\/santal-kerala\/\">https:\/\/kayssoun.com\/boutique\/parfum\/santal-kerala\/<\/a><\/p>\n<p>&nbsp;<\/p>\n<p>Visitez notre TikTok\u00a0<a href=\"https:\/\/www.tiktok.com\/@kayssoun_parfums?_t=ZN-90T0RMlIE1j&amp;_r=1\">https:\/\/www.tiktok.com\/@kayssoun_parfums?_t=ZN-90T0RMlIE1j&amp;_r=1<\/a><\/p>","protected":false},"excerpt":{"rendered":"<p>Le parfum Sword est une huile rare d\u2019Inde \u00e0 la teinte brun fonc\u00e9.<\/p>\n<p>Son sillage frais, bois\u00e9 et anis\u00e9 \u00e9voque la mousse et la profondeur des for\u00eats anciennes<\/p>","protected":false},"featured_media":2473,"comment_status":"open","ping_status":"closed","template":"","meta":[],"product_brand":[],"product_cat":[19],"product_tag":[253,37,38,247],"class_list":{"0":"post-1590","1":"product","2":"type-product","3":"status-publish","4":"has-post-thumbnail","6":"product_cat-parfum","7":"product_tag-anis","8":"product_tag-camphre","9":"product_tag-epice","10":"product_tag-vegetal","12":"first","13":"instock","14":"sale","15":"featured","16":"shipping-taxable","17":"purchasable","18":"product-type-variable","19":"has-default-attributes"},"aioseo_notices":[],"jetpack_sharing_enabled":true,"_links":{"self":[{"href":"https:\/\/kayssoun.com\/en\/wp-json\/wp\/v2\/product\/1590","targetHints":{"allow":["GET"]}}],"collection":[{"href":"https:\/\/kayssoun.com\/en\/wp-json\/wp\/v2\/product"}],"about":[{"href":"https:\/\/kayssoun.com\/en\/wp-json\/wp\/v2\/types\/product"}],"replies":[{"embeddable":true,"href":"https:\/\/kayssoun.com\/en\/wp-json\/wp\/v2\/comments?post=1590"}],"wp:featuredmedia":[{"embeddable":true,"href":"https:\/\/kayssoun.com\/en\/wp-json\/wp\/v2\/media\/2473"}],"wp:attachment":[{"href":"https:\/\/kayssoun.com\/en\/wp-json\/wp\/v2\/media?parent=1590"}],"wp:term":[{"taxonomy":"product_brand","embeddable":true,"href":"https:\/\/kayssoun.com\/en\/wp-json\/wp\/v2\/product_brand?post=1590"},{"taxonomy":"product_cat","embeddable":true,"href":"https:\/\/kayssoun.com\/en\/wp-json\/wp\/v2\/product_cat?post=1590"},{"taxonomy":"product_tag","embeddable":true,"href":"https:\/\/kayssoun.com\/en\/wp-json\/wp\/v2\/product_tag?post=1590"}],"curies":[{"name":"wp","href":"https:\/\/api.w.org\/{rel}","templated":true}]}}