{"id":1579,"date":"2023-11-03T21:56:44","date_gmt":"2023-11-03T20:56:44","guid":{"rendered":"https:\/\/kayssoun.com\/?post_type=product&#038;p=1579"},"modified":"2026-02-16T21:52:39","modified_gmt":"2026-02-16T20:52:39","slug":"emeraude","status":"publish","type":"product","link":"https:\/\/kayssoun.com\/en\/boutique\/parfum\/emeraude\/","title":{"rendered":"Emerald"},"content":{"rendered":"<p>D\u00e9couvrez le charme envo\u00fbtant du parfum \u00c9meraude,un tr\u00e9sor olfactif inspir\u00e9 par les ma\u00eetres parfumeurs indiens.<br \/>\nN\u00e9 d\u2019un voyage au c\u0153ur de l\u2019Inde, porte la nuance verte de la pierre pr\u00e9cieuse dont il tire son nom, \u00c9meraude. Laissez-vous s\u00e9duire par ses notes \u00e9labor\u00e9es et sa composition raffin\u00e9e.<\/p>\n<p>En t\u00eate, vous d\u00e9couvrirez une bouff\u00e9e fra\u00eeche et lumineuse, une ouverture scintillante de notes vertes et d\u2019agrumes d\u00e9licats qui \u00e9veillent vos sens.<\/p>\n<p>Vient ensuite un c\u0153ur riche et chaleureux, o\u00f9 l\u2019ambre dor\u00e9 et les \u00e9pices du Rajasthan se m\u00ealent dans une danse harmonieuse, enveloppant la peau d\u2019une chaleur sensuelle.<\/p>\n<p>Enfin, la note de fond r\u00e9v\u00e8le une profondeur velout\u00e9e et persistante, laissant une empreinte subtile et inoubliable tout au long de la journ\u00e9e.<\/p>\n<p>\u00c9meraude est disponible en flacons de 3 ml et 12 ml selon votre choix.<\/p>\n<p>Le format 3 ml, id\u00e9al pour \u00eatre gliss\u00e9 dans une petite poche de jean ou dans un porte-monnaie, vous accompagne partout.<\/p>\n<p>Dans le m\u00eame esprit enchanteur, d\u00e9couvrez \u00e9galement notre parfum Jardin d\u2019\u00c9den, une invitation \u00e0 un voyage olfactif unique\u00a0<a href=\"https:\/\/kayssoun.com\/en\/boutique\/parfum\/eden\/\">https:\/\/kayssoun.com\/boutique\/parfum\/eden\/<\/a><\/p>\n<p>&nbsp;<\/p>\n<p>Visitez notre m\u00e9dia TikTok\u00a0<a href=\"https:\/\/www.tiktok.com\/@kayssoun_parfums?_t=ZN-90T0RMlIE1j&amp;_r=1\">https:\/\/www.tiktok.com\/@kayssoun_parfums?_t=ZN-90T0RMlIE1j&amp;_r=1<\/a><\/p>","protected":false},"excerpt":{"rendered":"<p>\u00c9meraude, un parfum pr\u00e9cieux aux notes vertes et ambr\u00e9es, inspir\u00e9 de l\u2019Inde. \u00c9l\u00e9gant, chaleureux et raffin\u00e9, il laisse un sillage envo\u00fbtant.<\/p>","protected":false},"featured_media":2495,"comment_status":"open","ping_status":"closed","template":"","meta":[],"product_brand":[],"product_cat":[19],"product_tag":[34,35,38],"class_list":{"0":"post-1579","1":"product","2":"type-product","3":"status-publish","4":"has-post-thumbnail","6":"product_cat-parfum","7":"product_tag-ambre","8":"product_tag-doux","9":"product_tag-epice","11":"first","12":"instock","13":"sale","14":"shipping-taxable","15":"purchasable","16":"product-type-variable","17":"has-default-attributes"},"aioseo_notices":[],"jetpack_sharing_enabled":true,"_links":{"self":[{"href":"https:\/\/kayssoun.com\/en\/wp-json\/wp\/v2\/product\/1579","targetHints":{"allow":["GET"]}}],"collection":[{"href":"https:\/\/kayssoun.com\/en\/wp-json\/wp\/v2\/product"}],"about":[{"href":"https:\/\/kayssoun.com\/en\/wp-json\/wp\/v2\/types\/product"}],"replies":[{"embeddable":true,"href":"https:\/\/kayssoun.com\/en\/wp-json\/wp\/v2\/comments?post=1579"}],"wp:featuredmedia":[{"embeddable":true,"href":"https:\/\/kayssoun.com\/en\/wp-json\/wp\/v2\/media\/2495"}],"wp:attachment":[{"href":"https:\/\/kayssoun.com\/en\/wp-json\/wp\/v2\/media?parent=1579"}],"wp:term":[{"taxonomy":"product_brand","embeddable":true,"href":"https:\/\/kayssoun.com\/en\/wp-json\/wp\/v2\/product_brand?post=1579"},{"taxonomy":"product_cat","embeddable":true,"href":"https:\/\/kayssoun.com\/en\/wp-json\/wp\/v2\/product_cat?post=1579"},{"taxonomy":"product_tag","embeddable":true,"href":"https:\/\/kayssoun.com\/en\/wp-json\/wp\/v2\/product_tag?post=1579"}],"curies":[{"name":"wp","href":"https:\/\/api.w.org\/{rel}","templated":true}]}}