{"id":1563,"date":"2023-11-03T01:18:17","date_gmt":"2023-11-03T00:18:17","guid":{"rendered":"https:\/\/kayssoun.com\/?post_type=product&#038;p=1563"},"modified":"2026-03-14T18:49:19","modified_gmt":"2026-03-14T17:49:19","slug":"coffret-douceur","status":"publish","type":"product","link":"https:\/\/kayssoun.com\/en\/boutique\/parfum\/coffret-douceur\/","title":{"rendered":"Sweetness box"},"content":{"rendered":"<p>Plongez dans un univers de tendresse et de sensualit\u00e9 avec notre Coffret Douceur.<\/p>\n<p>Une s\u00e9lection raffin\u00e9e de trois senteurs embl\u00e9matiques de la maison Kayssoun.<\/p>\n<p>\ud83d\udc9b Vanille \u2013 Une fragrance chaude, sucr\u00e9e et enveloppante qui \u00e9voque la douceur des \u00eeles et la gourmandise d\u2019un instant de r\u00e9confort.<\/p>\n<p>\ud83e\udd0d Musc Blanc \u2013 Un parfum d\u00e9licat et pur, symbole d\u2019\u00e9l\u00e9gance et de fra\u00eecheur, parfait pour une peau subtilement parfum\u00e9e tout au long de la journ\u00e9e.<\/p>\n<p>\u2728 Ambre Blanc \u2013 Une note l\u00e9g\u00e8re et apaisante, aux accents ambr\u00e9s et l\u00e9g\u00e8rement poudr\u00e9s, qui apporte une touche de charme et de s\u00e9r\u00e9nit\u00e9.<\/p>\n<p>Pr\u00e9sent\u00e9s dans de jolis flacons en verre, coiff\u00e9s d\u2019un bouchon dor\u00e9, ces concentr\u00e9s de parfums sont \u00e0 la fois \u00e9l\u00e9gants et pratiques.<\/p>\n<p>Le Coffret Douceur est l\u2019alliance parfaite entre finesse, \u00e9quilibre et bien-\u00eatre.<\/p>\n<p>\ud83c\udf81 Id\u00e9al \u00e0 offrir ou \u00e0 s\u2019offrir, pour un moment de pur plaisir olfactif sign\u00e9 Kayssoun.<\/p>\n<p>Dans le m\u00eame esprit, d\u00e9couvrez le pack d\u00e9couverte\u00a0<a href=\"https:\/\/kayssoun.com\/en\/boutique\/parfum\/pack-decouverte\/\">https:\/\/kayssoun.com\/boutique\/parfum\/pack-decouverte\/<\/a><\/p>\n<p>Visitez notre m\u00e9dia TikTok\u00a0<a href=\"https:\/\/www.tiktok.com\/@kayssoun_parfums?_t=ZN-90T0RMlIE1j&amp;_r=1\">https:\/\/www.tiktok.com\/@kayssoun_parfums?_t=ZN-90T0RMlIE1j&amp;_r=1<\/a><\/p>","protected":false},"excerpt":{"rendered":"<p>D\u00e9couvrez le coffret douceur kayssoun, trio de parfums vanille, musc blanc et douceur de l\u2019ambre. Un coffret \u00e9l\u00e9gant et apaisant, id\u00e9al \u00e0 offrir ou pour sois m\u00eame,pour un moment de bien-\u00eatre parfum\u00e9.<\/p>","protected":false},"featured_media":2502,"comment_status":"open","ping_status":"closed","template":"","meta":[],"product_brand":[],"product_cat":[19],"product_tag":[],"class_list":{"0":"post-1563","1":"product","2":"type-product","3":"status-publish","4":"has-post-thumbnail","6":"product_cat-parfum","8":"first","9":"instock","10":"sale","11":"virtual","12":"purchasable","13":"product-type-simple"},"aioseo_notices":[],"jetpack_sharing_enabled":true,"_links":{"self":[{"href":"https:\/\/kayssoun.com\/en\/wp-json\/wp\/v2\/product\/1563","targetHints":{"allow":["GET"]}}],"collection":[{"href":"https:\/\/kayssoun.com\/en\/wp-json\/wp\/v2\/product"}],"about":[{"href":"https:\/\/kayssoun.com\/en\/wp-json\/wp\/v2\/types\/product"}],"replies":[{"embeddable":true,"href":"https:\/\/kayssoun.com\/en\/wp-json\/wp\/v2\/comments?post=1563"}],"wp:featuredmedia":[{"embeddable":true,"href":"https:\/\/kayssoun.com\/en\/wp-json\/wp\/v2\/media\/2502"}],"wp:attachment":[{"href":"https:\/\/kayssoun.com\/en\/wp-json\/wp\/v2\/media?parent=1563"}],"wp:term":[{"taxonomy":"product_brand","embeddable":true,"href":"https:\/\/kayssoun.com\/en\/wp-json\/wp\/v2\/product_brand?post=1563"},{"taxonomy":"product_cat","embeddable":true,"href":"https:\/\/kayssoun.com\/en\/wp-json\/wp\/v2\/product_cat?post=1563"},{"taxonomy":"product_tag","embeddable":true,"href":"https:\/\/kayssoun.com\/en\/wp-json\/wp\/v2\/product_tag?post=1563"}],"curies":[{"name":"wp","href":"https:\/\/api.w.org\/{rel}","templated":true}]}}