{"id":1560,"date":"2023-11-01T10:25:27","date_gmt":"2023-11-01T09:25:27","guid":{"rendered":"https:\/\/kayssoun.com\/?post_type=product&#038;p=1560"},"modified":"2026-04-20T23:55:34","modified_gmt":"2026-04-20T21:55:34","slug":"ambre-soleil","status":"publish","type":"product","link":"https:\/\/kayssoun.com\/en\/boutique\/ambre\/ambre-soleil\/","title":{"rendered":"Amber Sun"},"content":{"rendered":"<p>Ambre Soleil is sumptuous, with muted and soft scents of amber.<\/p>\n<p>It takes its name from the yellowish reflections.<\/p>\n<p>Use mainly to perfume cupboards or house by putting a few pieces in an open container.<\/p>\n<p>A scent of India<\/p>\n<p>Sold by 5gr<\/p>","protected":false},"excerpt":{"rendered":"<p>L&#8217;Ambre Soleil est id\u00e9al pour parfumer de ses effluves d\u00e9licates la maison, ou une pi\u00e8ce. Son parfum est apaisant et propice \u00e0 la m\u00e9ditation.<\/p>","protected":false},"featured_media":1556,"comment_status":"open","ping_status":"closed","template":"","meta":[],"product_brand":[],"product_cat":[248],"product_tag":[34],"class_list":{"0":"post-1560","1":"product","2":"type-product","3":"status-publish","4":"has-post-thumbnail","6":"product_cat-ambre","7":"product_tag-ambre","9":"first","10":"instock","11":"shipping-taxable","12":"purchasable","13":"product-type-simple"},"aioseo_notices":[],"jetpack_sharing_enabled":true,"_links":{"self":[{"href":"https:\/\/kayssoun.com\/en\/wp-json\/wp\/v2\/product\/1560","targetHints":{"allow":["GET"]}}],"collection":[{"href":"https:\/\/kayssoun.com\/en\/wp-json\/wp\/v2\/product"}],"about":[{"href":"https:\/\/kayssoun.com\/en\/wp-json\/wp\/v2\/types\/product"}],"replies":[{"embeddable":true,"href":"https:\/\/kayssoun.com\/en\/wp-json\/wp\/v2\/comments?post=1560"}],"wp:featuredmedia":[{"embeddable":true,"href":"https:\/\/kayssoun.com\/en\/wp-json\/wp\/v2\/media\/1556"}],"wp:attachment":[{"href":"https:\/\/kayssoun.com\/en\/wp-json\/wp\/v2\/media?parent=1560"}],"wp:term":[{"taxonomy":"product_brand","embeddable":true,"href":"https:\/\/kayssoun.com\/en\/wp-json\/wp\/v2\/product_brand?post=1560"},{"taxonomy":"product_cat","embeddable":true,"href":"https:\/\/kayssoun.com\/en\/wp-json\/wp\/v2\/product_cat?post=1560"},{"taxonomy":"product_tag","embeddable":true,"href":"https:\/\/kayssoun.com\/en\/wp-json\/wp\/v2\/product_tag?post=1560"}],"curies":[{"name":"wp","href":"https:\/\/api.w.org\/{rel}","templated":true}]}}