{"id":1481,"date":"2023-10-26T22:35:03","date_gmt":"2023-10-26T20:35:03","guid":{"rendered":"https:\/\/kayssoun.com\/?post_type=product&#038;p=1481"},"modified":"2026-03-25T13:19:56","modified_gmt":"2026-03-25T12:19:56","slug":"ambrelique","status":"publish","type":"product","link":"https:\/\/kayssoun.com\/en\/boutique\/ambre\/ambrelique\/","title":{"rendered":"Ambrelic"},"content":{"rendered":"<p>Ambr\u00e9lique est une pr\u00e9cieuse p\u00e2te d&#8217;ambre naturel aux effluves suaves ambr\u00e9es, sucr\u00e9es \u00e9pic\u00e9es&#8230;<\/p>\n<p>A perfume in the form of a paste which offers a very long lifespan.<\/p>\n<p>Pot de 7g avec (une contenance plus importante que l\u2019ancien d\u2019o\u00f9 l\u2019ajustement du prix)<\/p>","protected":false},"excerpt":{"rendered":"<p>L&#8217;ambr\u00e9lique est une fragrance pr\u00e9cieuse aux notes douces, \u00e9pic\u00e9es et ambr\u00e9es, d&#8217;une long\u00e9vit\u00e9 exceptionnelle. Parfum de poche par kayssoun.<\/p>","protected":false},"featured_media":2749,"comment_status":"open","ping_status":"closed","template":"","meta":[],"product_brand":[],"product_cat":[248,19],"product_tag":[34],"class_list":{"0":"post-1481","1":"product","2":"type-product","3":"status-publish","4":"has-post-thumbnail","6":"product_cat-ambre","7":"product_cat-parfum","8":"product_tag-ambre","10":"first","11":"instock","12":"shipping-taxable","13":"purchasable","14":"product-type-simple"},"aioseo_notices":[],"jetpack_sharing_enabled":true,"_links":{"self":[{"href":"https:\/\/kayssoun.com\/en\/wp-json\/wp\/v2\/product\/1481","targetHints":{"allow":["GET"]}}],"collection":[{"href":"https:\/\/kayssoun.com\/en\/wp-json\/wp\/v2\/product"}],"about":[{"href":"https:\/\/kayssoun.com\/en\/wp-json\/wp\/v2\/types\/product"}],"replies":[{"embeddable":true,"href":"https:\/\/kayssoun.com\/en\/wp-json\/wp\/v2\/comments?post=1481"}],"wp:featuredmedia":[{"embeddable":true,"href":"https:\/\/kayssoun.com\/en\/wp-json\/wp\/v2\/media\/2749"}],"wp:attachment":[{"href":"https:\/\/kayssoun.com\/en\/wp-json\/wp\/v2\/media?parent=1481"}],"wp:term":[{"taxonomy":"product_brand","embeddable":true,"href":"https:\/\/kayssoun.com\/en\/wp-json\/wp\/v2\/product_brand?post=1481"},{"taxonomy":"product_cat","embeddable":true,"href":"https:\/\/kayssoun.com\/en\/wp-json\/wp\/v2\/product_cat?post=1481"},{"taxonomy":"product_tag","embeddable":true,"href":"https:\/\/kayssoun.com\/en\/wp-json\/wp\/v2\/product_tag?post=1481"}],"curies":[{"name":"wp","href":"https:\/\/api.w.org\/{rel}","templated":true}]}}