{"id":1474,"date":"2023-10-26T21:42:58","date_gmt":"2023-10-26T19:42:58","guid":{"rendered":"https:\/\/kayssoun.com\/?post_type=product&#038;p=1474"},"modified":"2026-03-20T13:24:45","modified_gmt":"2026-03-20T12:24:45","slug":"santal-kerala","status":"publish","type":"product","link":"https:\/\/kayssoun.com\/en\/boutique\/parfum\/santal-kerala\/","title":{"rendered":"Santal kerala"},"content":{"rendered":"<p>D\u00e9couvrez l\u2019essence du \u00ab Santal Kerala \u00bb, une huile de santal pure que nous avons personnellement s\u00e9lectionn\u00e9e sur les terres luxuriantes du Kerala.<\/p>\n<p>R\u00e9colt\u00e9e par des ma\u00eetres parfumeurs, cette huile provient d\u2019un bois de santal pr\u00e9cieux, r\u00e9gul\u00e9 par l\u2019\u00c9tat pour pr\u00e9server sa raret\u00e9 et sa puret\u00e9.<\/p>\n<p>D\u00e8s la premi\u00e8re inspiration, vous serez envelopp\u00e9 par une note de t\u00eate fra\u00eeche et citronn\u00e9e, apportant une vivacit\u00e9 inattendue au santal.<\/p>\n<p>Puis, le c\u0153ur r\u00e9v\u00e8le la chaleur cr\u00e9meuse et bois\u00e9e typique du santal, \u00e9voluant en une base douce, apaisante et persistante, qui reste longtemps sur la peau.<\/p>\n<p>Propos\u00e9 en flacons de 3 ml ou 12 ml selon votre choix.<\/p>\n<p>\u00ab Santal Kerala \u00bb capture l\u2019\u00e2me d\u2019un bois rare et sacr\u00e9, un tr\u00e9sor authentique de l\u2019Inde.<br \/>\nLaissez-vous s\u00e9duire par l\u2019\u00e9l\u00e9gance \u00e9ternelle de ce parfum unique, o\u00f9 chaque goutte raconte l\u2019histoire d\u2019un santal v\u00e9n\u00e9r\u00e9.<\/p>\n<p>Dans le m\u00eame esprit, d\u00e9couvrez le parfum Majmoua 96 Original\u00a0<a href=\"https:\/\/kayssoun.com\/en\/boutique\/parfum\/majmoua-96\/\">https:\/\/kayssoun.com\/boutique\/parfum\/majmoua-96\/<\/a><\/p>\n<p>Venez voir nos belles photos sur TikTok\u00a0<a href=\"https:\/\/www.tiktok.com\/@kayssoun_parfums?_t=ZN-90T0RMlIE1j&amp;_r=1\">https:\/\/www.tiktok.com\/@kayssoun_parfums?_t=ZN-90T0RMlIE1j&amp;_r=1<\/a><\/p>","protected":false},"excerpt":{"rendered":"<p>Santal Kerala est une huile de santal pure du nord de l\u2019Inde, aux notes bois\u00e9es et citronn\u00e9es. Une essence rare et apaisante, symbole d\u2019\u00e9l\u00e9gance naturelle.<\/p>","protected":false},"featured_media":2471,"comment_status":"open","ping_status":"closed","template":"","meta":[],"product_brand":[],"product_cat":[19],"product_tag":[40,28,50,45,247],"class_list":{"0":"post-1474","1":"product","2":"type-product","3":"status-publish","4":"has-post-thumbnail","6":"product_cat-parfum","7":"product_tag-animal","8":"product_tag-woody","9":"product_tag-mousse","10":"product_tag-santal","11":"product_tag-vegetal","13":"first","14":"instock","15":"sale","16":"shipping-taxable","17":"purchasable","18":"product-type-variable","19":"has-default-attributes"},"aioseo_notices":[],"jetpack_sharing_enabled":true,"_links":{"self":[{"href":"https:\/\/kayssoun.com\/en\/wp-json\/wp\/v2\/product\/1474","targetHints":{"allow":["GET"]}}],"collection":[{"href":"https:\/\/kayssoun.com\/en\/wp-json\/wp\/v2\/product"}],"about":[{"href":"https:\/\/kayssoun.com\/en\/wp-json\/wp\/v2\/types\/product"}],"replies":[{"embeddable":true,"href":"https:\/\/kayssoun.com\/en\/wp-json\/wp\/v2\/comments?post=1474"}],"wp:featuredmedia":[{"embeddable":true,"href":"https:\/\/kayssoun.com\/en\/wp-json\/wp\/v2\/media\/2471"}],"wp:attachment":[{"href":"https:\/\/kayssoun.com\/en\/wp-json\/wp\/v2\/media?parent=1474"}],"wp:term":[{"taxonomy":"product_brand","embeddable":true,"href":"https:\/\/kayssoun.com\/en\/wp-json\/wp\/v2\/product_brand?post=1474"},{"taxonomy":"product_cat","embeddable":true,"href":"https:\/\/kayssoun.com\/en\/wp-json\/wp\/v2\/product_cat?post=1474"},{"taxonomy":"product_tag","embeddable":true,"href":"https:\/\/kayssoun.com\/en\/wp-json\/wp\/v2\/product_tag?post=1474"}],"curies":[{"name":"wp","href":"https:\/\/api.w.org\/{rel}","templated":true}]}}