{"id":1434,"date":"2023-10-22T22:44:02","date_gmt":"2023-10-22T20:44:02","guid":{"rendered":"https:\/\/kayssoun.com\/?post_type=product&#038;p=1434"},"modified":"2026-02-04T01:32:08","modified_gmt":"2026-02-04T00:32:08","slug":"wood-medina","status":"publish","type":"product","link":"https:\/\/kayssoun.com\/en\/boutique\/parfum\/wood-medina\/","title":{"rendered":"Wood M\u00e9dina"},"content":{"rendered":"<p>Wood M\u00e9dina est un Oud feutr\u00e9 aux effluves suaves et chaudes de bois tropicales humide et de cuir.<\/p>\n<p>An Oud that is not aggressive, present and slowly changing throughout its pose, is very popular.<\/p>\n<p>Disponible en flacon de 3ml et 12ml selon votre choix.<\/p>\n<p>Dans le m\u00eame genre de parfum, d\u00e9couvrez Wood Saphir\u00a0<a href=\"https:\/\/kayssoun.com\/en\/boutique\/parfum\/oud\/sapphire-wood\/\">https:\/\/kayssoun.com\/boutique\/parfum\/oud\/sapphire-wood\/<\/a><\/p>\n<p>&nbsp;<\/p>\n<p>Visitez notre TikTok et voyez nos vid\u00e9os\u00a0<a href=\"https:\/\/www.tiktok.com\/@kayssoun_parfums?_t=ZN-90T0RMlIE1j&amp;_r=1\">https:\/\/www.tiktok.com\/@kayssoun_parfums?_t=ZN-90T0RMlIE1j&amp;_r=1<\/a><\/p>","protected":false},"excerpt":{"rendered":"<p>Wood M\u00e9dina est un Oud chaleureux aux notes de bois tropical humide et de cuir, une exp\u00e9rience olfactive captivante qui \u00e9volue en douceur.<\/p>","protected":false},"featured_media":2889,"comment_status":"open","ping_status":"closed","template":"","meta":[],"product_brand":[],"product_cat":[19],"product_tag":[28,52,45],"class_list":{"0":"post-1434","1":"product","2":"type-product","3":"status-publish","4":"has-post-thumbnail","6":"product_cat-parfum","7":"product_tag-woody","8":"product_tag-cuir","9":"product_tag-santal","11":"first","12":"instock","13":"sale","14":"shipping-taxable","15":"purchasable","16":"product-type-variable","17":"has-default-attributes"},"aioseo_notices":[],"jetpack_sharing_enabled":true,"_links":{"self":[{"href":"https:\/\/kayssoun.com\/en\/wp-json\/wp\/v2\/product\/1434","targetHints":{"allow":["GET"]}}],"collection":[{"href":"https:\/\/kayssoun.com\/en\/wp-json\/wp\/v2\/product"}],"about":[{"href":"https:\/\/kayssoun.com\/en\/wp-json\/wp\/v2\/types\/product"}],"replies":[{"embeddable":true,"href":"https:\/\/kayssoun.com\/en\/wp-json\/wp\/v2\/comments?post=1434"}],"wp:featuredmedia":[{"embeddable":true,"href":"https:\/\/kayssoun.com\/en\/wp-json\/wp\/v2\/media\/2889"}],"wp:attachment":[{"href":"https:\/\/kayssoun.com\/en\/wp-json\/wp\/v2\/media?parent=1434"}],"wp:term":[{"taxonomy":"product_brand","embeddable":true,"href":"https:\/\/kayssoun.com\/en\/wp-json\/wp\/v2\/product_brand?post=1434"},{"taxonomy":"product_cat","embeddable":true,"href":"https:\/\/kayssoun.com\/en\/wp-json\/wp\/v2\/product_cat?post=1434"},{"taxonomy":"product_tag","embeddable":true,"href":"https:\/\/kayssoun.com\/en\/wp-json\/wp\/v2\/product_tag?post=1434"}],"curies":[{"name":"wp","href":"https:\/\/api.w.org\/{rel}","templated":true}]}}