{"id":1351,"date":"2023-10-22T01:54:45","date_gmt":"2023-10-21T23:54:45","guid":{"rendered":"https:\/\/kayssoun.com\/?post_type=product&#038;p=1351"},"modified":"2026-02-03T14:47:43","modified_gmt":"2026-02-03T13:47:43","slug":"musc-layya","status":"publish","type":"product","link":"https:\/\/kayssoun.com\/en\/boutique\/parfum\/musc-layya\/","title":{"rendered":"Musc Layya"},"content":{"rendered":"<div>Le musc Layya est notre parfum par excellence.<\/div>\n<div>Laissez vous envo\u00fbter par l&#8217;irr\u00e9sistible charme de notre c\u00e9l\u00e8bre parfum Layya, une fragrance adul\u00e9e par les jeunes hommes et femmes.<\/div>\n<div>Ce parfum conseill\u00e9 a \u00e9t\u00e9 d\u00e9couvert apr\u00e8s un long p\u00e9riple \u00e0 travers les paysages vibrants de l&#8217;Inde.<\/div>\n<div><\/div>\n<div>Cette fusion enchanteresse qu\u2019est Layya a \u00e9t\u00e9 con\u00e7ue sur mesure par un ma\u00eetre parfumeur pour les grandes occasions.<\/div>\n<div>Le parfum Layya ajoute une touche exquise d&#8217;\u00e9l\u00e9gance \u00e0 vos moments de c\u00e9l\u00e9bration.<\/div>\n<div><\/div>\n<div>S&#8217;ouvrant sur une explosion de fleurs d\u00e9licates, notre Musc Layya se d\u00e9ploie ensuite dans une \u00e9treinte riche et l\u00e9g\u00e8rement terreuse.<\/div>\n<div>Cela gr\u00e2ce aux notes envo\u00fbtantes de patchouli qui le composent et des effluves d\u2019amandes et de fleurs.<\/div>\n<div><\/div>\n<div>D\u00e9couvrez une symphonie d&#8217;ar\u00f4mes qui s&#8217;harmonisent \u00e0 la perfection.<\/div>\n<div>Tout en cr\u00e9ant une exp\u00e9rience olfactive v\u00e9ritablement unique, laissant une empreinte inoubliable sur quiconque aura la chance de le respirer.<\/div>\n<div><\/div>\n<div>Ce qui distingue notre parfum Layya, c&#8217;est sa remarquable capacit\u00e9 \u00e0 s&#8217;intensifier avec le temps et la temp\u00e9rature.<\/div>\n<div>Cela faisant de chaque instant pass\u00e9 en sa compagnie un voyage aromatique fascinant.<\/div>\n<div><\/div>\n<div>Une fois que vous aurez fait l&#8217;exp\u00e9rience de l&#8217;enchantement de notre fragrance Layya, vous trouverez qu&#8217;il est irr\u00e9sistiblement difficile de vous en s\u00e9parer.<br \/>\nPlongez dans un nouveau niveau de sophistication olfactive qui perdure bien apr\u00e8s que vous ayez quitt\u00e9 la pi\u00e8ce.<\/div>\n<div><\/div>\n<div>Ce parfum est le fer de lance de notre collection, il est la cause de l\u2019origine de mon travail actuel, il porte le nom de ma premi\u00e8re fille!<\/div>\n<div><\/div>\n<div>apr\u00e8s plus de 16 ans il reste notre musc le plus appr\u00e9cier de toute notre collection.<\/div>\n<div>Sa texture huileuse est \u00a0issus de distillation, sa couleur dor\u00e9e est somptueuse, et sa tenue tr\u00e8s longue.<\/div>\n<div>Son sillage est grand et s\u2019intensifie \u00e0 la chaleur du soleil en \u00e9t\u00e9.<\/div>\n<div><\/div>\n<div>Flacon de 3ml ou 12ml selon votre choix.<\/div>\n<div><\/div>\n<div>Dans la lign\u00e9e de ce superbe parfum nous vous invitons \u00e0 essayer Perle, le musc blanc par excellence\u00a0<a href=\"https:\/\/kayssoun.com\/en\/boutique\/parfum\/perle\/\">https:\/\/kayssoun.com\/boutique\/parfum\/perle\/<\/a><\/div>\n<div><\/div>\n<div>visitez notre page TikTok, nous y postons r\u00e9guli\u00e8rement des photos et vid\u00e9os\u00a0<a href=\"https:\/\/www.tiktok.com\/@kayssoun_parfums?_t=ZN-90RJW2l3Zd0&amp;_r=1\">https:\/\/www.tiktok.com\/@kayssoun_parfums?_t=ZN-90RJW2l3Zd0&amp;_r=1<\/a><\/div>","protected":false},"excerpt":{"rendered":"<p>Plongez dans l&#8217;enchantement du Musc Layya, une fragrance envo\u00fbtante aux notes florales et fraiches,parfaite pour les grandes occasions.<\/p>","protected":false},"featured_media":2459,"comment_status":"open","ping_status":"closed","template":"","meta":[],"product_brand":[],"product_cat":[19],"product_tag":[35,30,43,32],"class_list":{"0":"post-1351","1":"product","2":"type-product","3":"status-publish","4":"has-post-thumbnail","6":"product_cat-parfum","7":"product_tag-doux","8":"product_tag-flowery","9":"product_tag-musk","10":"product_tag-terreux","12":"first","13":"instock","14":"sale","15":"featured","16":"shipping-taxable","17":"purchasable","18":"product-type-variable","19":"has-default-attributes"},"aioseo_notices":[],"jetpack_sharing_enabled":true,"_links":{"self":[{"href":"https:\/\/kayssoun.com\/en\/wp-json\/wp\/v2\/product\/1351","targetHints":{"allow":["GET"]}}],"collection":[{"href":"https:\/\/kayssoun.com\/en\/wp-json\/wp\/v2\/product"}],"about":[{"href":"https:\/\/kayssoun.com\/en\/wp-json\/wp\/v2\/types\/product"}],"replies":[{"embeddable":true,"href":"https:\/\/kayssoun.com\/en\/wp-json\/wp\/v2\/comments?post=1351"}],"wp:featuredmedia":[{"embeddable":true,"href":"https:\/\/kayssoun.com\/en\/wp-json\/wp\/v2\/media\/2459"}],"wp:attachment":[{"href":"https:\/\/kayssoun.com\/en\/wp-json\/wp\/v2\/media?parent=1351"}],"wp:term":[{"taxonomy":"product_brand","embeddable":true,"href":"https:\/\/kayssoun.com\/en\/wp-json\/wp\/v2\/product_brand?post=1351"},{"taxonomy":"product_cat","embeddable":true,"href":"https:\/\/kayssoun.com\/en\/wp-json\/wp\/v2\/product_cat?post=1351"},{"taxonomy":"product_tag","embeddable":true,"href":"https:\/\/kayssoun.com\/en\/wp-json\/wp\/v2\/product_tag?post=1351"}],"curies":[{"name":"wp","href":"https:\/\/api.w.org\/{rel}","templated":true}]}}