{"id":1198,"date":"2023-10-20T19:33:48","date_gmt":"2023-10-20T17:33:48","guid":{"rendered":"https:\/\/kayssoun.com\/?post_type=product&#038;p=1198"},"modified":"2026-04-13T14:56:41","modified_gmt":"2026-04-13T12:56:41","slug":"precieux","status":"publish","type":"product","link":"https:\/\/kayssoun.com\/en\/boutique\/parfum\/precieux\/","title":{"rendered":"Precious"},"content":{"rendered":"<p class=\"p1\"><span class=\"s1\">Pr\u00e9cieux est une invitation au calme et \u00e0 la sophistication, il <\/span><span style=\"font-size: 14.4px;\">r\u00e9v\u00e8le toute la noblesse du santal Mysore.<\/span><\/p>\n<p class=\"p1\"><span class=\"s1\">Pr\u00e9cieux puise son origine dans une tradition indienne ancestrale.<\/span><\/p>\n<p class=\"p1\"><span class=\"s1\">Le santal Mysore utilis\u00e9 pour Pr\u00e9cieux est distill\u00e9 avec un savoir-faire rare, il <\/span><span style=\"font-size: 14.4px;\">est \u00e9labor\u00e9 par des ma\u00eetres parfumeurs passionn\u00e9s.<\/span><\/p>\n<p class=\"p1\"><span class=\"s1\">Pr\u00e9cieux contient du santal myself et des grains de musc laiss\u00e9 au repos pendant douze ans.<\/span><\/p>\n<p class=\"p1\"><span class=\"s1\">Il offre une texture huileuse, douce et enveloppant et <\/span><span style=\"font-size: 14.4px;\">d\u00e9voile une couleur dor\u00e9e, chaleureuse et \u00e9l\u00e9gante.<\/span><\/p>\n<p class=\"p1\"><span class=\"s1\">En note de t\u00eate, Pr\u00e9cieux s\u2019ouvre sur une douceur bois\u00e9e tr\u00e8s l\u00e9g\u00e8re, <\/span><span style=\"font-size: 14.4px;\">une entr\u00e9e en mati\u00e8re subtile et apaisante<\/span><span style=\"font-size: 14.4px;\">\u00a0presque m\u00e9ditatif.<\/span><\/p>\n<p class=\"p1\"><span class=\"s1\">En note de c\u0153ur, Pr\u00e9cieux r\u00e9v\u00e8le un santal cr\u00e9meux et profond qui <\/span><span style=\"font-size: 14.4px;\">d\u00e9veloppe une richesse bois\u00e9e noble et raffin\u00e9e.<\/span><\/p>\n<p class=\"p1\"><span class=\"s1\">Le c\u0153ur de Pr\u00e9cieux est mise en valeur par le musc harmonieux et r\u00e9confortant.<\/span><\/p>\n<p class=\"p1\"><span class=\"s1\">Pr\u00e9cieux installe une sensation de s\u00e9r\u00e9nit\u00e9 durable.<\/span><\/p>\n<p class=\"p1\"><span class=\"s1\">En note de fond, il laisse s\u2019exprimer le musc qui r\u00e9v\u00e8le l\u2019\u00e2me du parfum.<\/span><\/p>\n<p class=\"p1\"><span class=\"s1\">Pr\u00e9cieux diffuse un sillage doux, chaud et sensuel.<\/span><\/p>\n<p class=\"p1\"><span class=\"s1\">La note de fond de Pr\u00e9cieux est persistante et \u00e9l\u00e9gante.<\/span><\/p>\n<p class=\"p1\"><span class=\"s1\">Son parfum a une signature olfactive unique,<\/span><span style=\"font-size: 14.4px;\">\u00a0discret mais remarquable.<\/span><\/p>\n<p class=\"p1\"><span class=\"s1\">Pr\u00e9cieux apaise l\u2019esprit et sublime la pr\u00e9sence.<\/span><\/p>\n<p class=\"p1\"><span class=\"s1\">Il est propos\u00e9 en flacon de 3 millilitres, pratique en format de poche, il vous accompagne partout.<\/span><\/p>\n<p class=\"p1\"><span class=\"s1\">C\u2019est un concentr\u00e9 de luxe dans un format intime.<\/span><\/p>\n<p class=\"p1\"><span class=\"s1\">Choisir Pr\u00e9cieux, c\u2019est choisir l\u2019authenticit\u00e9 et la raret\u00e9.<\/span><\/p>\n<p>&nbsp;<\/p>\n<p>dans le m\u00eame esprit nous vous invitons \u00e0 d\u00e9couvrir\u00a0<a href=\"https:\/\/kayssoun.com\/en\/boutique\/parfum\/satin\/\">https:\/\/kayssoun.com\/boutique\/parfum\/satin\/<\/a><\/p>\n<p>Visitez notre nouvelle page YouTube\u00a0<a href=\"https:\/\/www.youtube.com\/@Kayssoun\">https:\/\/www.youtube.com\/@Kayssoun<\/a><\/p>","protected":false},"excerpt":{"rendered":"<p>Pr\u00e9cieux est une irr\u00e9sistible harmonie de santal authentique et de musc vieilli pendant 12 ans, une exp\u00e9rience pr\u00e9cieuse envo\u00fbtante au sillage chaud et \u00e9l\u00e9gant.<\/p>","protected":false},"featured_media":3052,"comment_status":"open","ping_status":"closed","template":"","meta":[],"product_brand":[],"product_cat":[19],"product_tag":[35,43,45],"class_list":{"0":"post-1198","1":"product","2":"type-product","3":"status-publish","4":"has-post-thumbnail","6":"product_cat-parfum","7":"product_tag-doux","8":"product_tag-musk","9":"product_tag-santal","11":"first","12":"instock","13":"sale","14":"shipping-taxable","15":"purchasable","16":"product-type-variable","17":"has-default-attributes"},"aioseo_notices":[],"jetpack_sharing_enabled":true,"_links":{"self":[{"href":"https:\/\/kayssoun.com\/en\/wp-json\/wp\/v2\/product\/1198","targetHints":{"allow":["GET"]}}],"collection":[{"href":"https:\/\/kayssoun.com\/en\/wp-json\/wp\/v2\/product"}],"about":[{"href":"https:\/\/kayssoun.com\/en\/wp-json\/wp\/v2\/types\/product"}],"replies":[{"embeddable":true,"href":"https:\/\/kayssoun.com\/en\/wp-json\/wp\/v2\/comments?post=1198"}],"wp:featuredmedia":[{"embeddable":true,"href":"https:\/\/kayssoun.com\/en\/wp-json\/wp\/v2\/media\/3052"}],"wp:attachment":[{"href":"https:\/\/kayssoun.com\/en\/wp-json\/wp\/v2\/media?parent=1198"}],"wp:term":[{"taxonomy":"product_brand","embeddable":true,"href":"https:\/\/kayssoun.com\/en\/wp-json\/wp\/v2\/product_brand?post=1198"},{"taxonomy":"product_cat","embeddable":true,"href":"https:\/\/kayssoun.com\/en\/wp-json\/wp\/v2\/product_cat?post=1198"},{"taxonomy":"product_tag","embeddable":true,"href":"https:\/\/kayssoun.com\/en\/wp-json\/wp\/v2\/product_tag?post=1198"}],"curies":[{"name":"wp","href":"https:\/\/api.w.org\/{rel}","templated":true}]}}