{"id":1195,"date":"2023-10-20T19:28:20","date_gmt":"2023-10-20T17:28:20","guid":{"rendered":"https:\/\/kayssoun.com\/?post_type=product&#038;p=1195"},"modified":"2026-02-01T01:52:37","modified_gmt":"2026-02-01T00:52:37","slug":"oudy","status":"publish","type":"product","link":"https:\/\/kayssoun.com\/en\/boutique\/parfum\/oud\/oudy\/","title":{"rendered":"Oudy"},"content":{"rendered":"<p>Oudy \u2013 La tradition mill\u00e9naire entre rose et oud<\/p>\n<p>Le parfum Oudy est n\u00e9 de l\u2019h\u00e9ritage raffin\u00e9 des artisans arabes.<\/p>\n<p>Oudy est un mariage subtil entre l\u2019huile pr\u00e9cieuse de bois d\u2019agar et l\u2019\u00e9clat d\u00e9licat de la rose de Turquie.<\/p>\n<p>Il y a des milliers d\u2019ann\u00e9es, ce m\u00e9lange fut imagin\u00e9 pour apporter une sensation de fra\u00eecheur unique.<\/p>\n<p>Puis il fut affin\u00e9 au fil du temps par les ma\u00eetres parfumeurs de la p\u00e9ninsule arabique.<\/p>\n<p>En note de t\u00eate, Oudy s\u2019ouvre sur la fra\u00eecheur florale et subtile de la rose de Turquie, qui caresse les sens d\u2019une douceur initiale.<\/p>\n<p>Peu \u00e0 peu, la note de c\u0153ur laisse \u00e9merger la majest\u00e9 profonde du bois d\u2019agar, enveloppant la peau d\u2019un voile bois\u00e9, riche et envo\u00fbtant.<\/p>\n<p>Enfin, en note de fond, la fusion de ces \u00e9l\u00e9ments laisse une empreinte \u00e0 la fois myst\u00e9rieuse et sereine. Cela rappel l\u2019\u00e9l\u00e9gance des traditions orientales.<\/p>\n<p>Porter Oudy, c\u2019est faire l\u2019exp\u00e9rience d\u2019un parfum qui \u00e9voque \u00e0 la fois la fra\u00eecheur florale et la profondeur bois\u00e9e.<br \/>\nUn \u00e9quilibre parfait entre h\u00e9ritage ancien et \u00e9l\u00e9gance contemporaine.<\/p>\n<p>Il est propos\u00e9 en flacons de 3 ml ou 12 ml, s\u2019adaptant \u00e0 vos envies de d\u00e9couverte ou \u00e0 votre d\u00e9sir de le porter au quotidien.<\/p>\n<p>D\u00e9couvrez dans le m\u00eame esprit le parfum santal Kerala\u00a0<a href=\"https:\/\/kayssoun.com\/en\/boutique\/parfum\/santal-kerala\/\">https:\/\/kayssoun.com\/boutique\/parfum\/santal-kerala\/<\/a><\/p>\n<p>Visitez notre page TikTok\u00a0<a href=\"https:\/\/www.tiktok.com\/@kayssoun_parfums?_t=ZN-90T0RMlIE1j&amp;_r=1\">https:\/\/www.tiktok.com\/@kayssoun_parfums?_t=ZN-90T0RMlIE1j&amp;_r=1<\/a><\/p>","protected":false},"excerpt":{"rendered":"<p>Oudy marie la douceur florale de la rose de Turquie \u00e0 la profondeur du bois d\u2019agar. Un parfum oriental \u00e9quilibr\u00e9, \u00e0 la fois doux, chaud et envo\u00fbtant.<\/p>","protected":false},"featured_media":2475,"comment_status":"open","ping_status":"closed","template":"","meta":[],"product_brand":[],"product_cat":[54,19],"product_tag":[28,30],"class_list":{"0":"post-1195","1":"product","2":"type-product","3":"status-publish","4":"has-post-thumbnail","6":"product_cat-oud","7":"product_cat-parfum","8":"product_tag-woody","9":"product_tag-flowery","11":"first","12":"instock","13":"sale","14":"shipping-taxable","15":"purchasable","16":"product-type-variable","17":"has-default-attributes"},"aioseo_notices":[],"jetpack_sharing_enabled":true,"_links":{"self":[{"href":"https:\/\/kayssoun.com\/en\/wp-json\/wp\/v2\/product\/1195","targetHints":{"allow":["GET"]}}],"collection":[{"href":"https:\/\/kayssoun.com\/en\/wp-json\/wp\/v2\/product"}],"about":[{"href":"https:\/\/kayssoun.com\/en\/wp-json\/wp\/v2\/types\/product"}],"replies":[{"embeddable":true,"href":"https:\/\/kayssoun.com\/en\/wp-json\/wp\/v2\/comments?post=1195"}],"wp:featuredmedia":[{"embeddable":true,"href":"https:\/\/kayssoun.com\/en\/wp-json\/wp\/v2\/media\/2475"}],"wp:attachment":[{"href":"https:\/\/kayssoun.com\/en\/wp-json\/wp\/v2\/media?parent=1195"}],"wp:term":[{"taxonomy":"product_brand","embeddable":true,"href":"https:\/\/kayssoun.com\/en\/wp-json\/wp\/v2\/product_brand?post=1195"},{"taxonomy":"product_cat","embeddable":true,"href":"https:\/\/kayssoun.com\/en\/wp-json\/wp\/v2\/product_cat?post=1195"},{"taxonomy":"product_tag","embeddable":true,"href":"https:\/\/kayssoun.com\/en\/wp-json\/wp\/v2\/product_tag?post=1195"}],"curies":[{"name":"wp","href":"https:\/\/api.w.org\/{rel}","templated":true}]}}