{"id":1192,"date":"2023-10-20T19:27:47","date_gmt":"2023-10-20T17:27:47","guid":{"rendered":"https:\/\/kayssoun.com\/?post_type=product&#038;p=1192"},"modified":"2025-12-28T01:12:41","modified_gmt":"2025-12-28T00:12:41","slug":"sanctuary","status":"publish","type":"product","link":"https:\/\/kayssoun.com\/en\/boutique\/parfum\/sanctuary\/","title":{"rendered":"Sanctuary"},"content":{"rendered":"<p>Sanctuary, a powerful natural musk from India.<br \/>\nThis fragrance is a unique sensory experience, combining spicy, sweet notes of fern, moss and amber.<br \/>\nOffering ample sillage, exceptionally long-lasting hold and an oily texture, it envelops your senses in a captivating aura.<\/p>","protected":false},"excerpt":{"rendered":"<p>Sanctuaire est un musc naturel puissant en provenance d&#8217;Inde, une exp\u00e9rience olfactive unique alliant des notes \u00e9pic\u00e9es, suaves, de foug\u00e8re, de mousse et d&#8217;ambre.<\/p>","protected":false},"featured_media":1242,"comment_status":"open","ping_status":"closed","template":"","meta":[],"product_brand":[],"product_cat":[19],"product_tag":[40,28,49,50,43],"class_list":{"0":"post-1192","1":"product","2":"type-product","3":"status-publish","4":"has-post-thumbnail","6":"product_cat-parfum","7":"product_tag-animal","8":"product_tag-woody","9":"product_tag-fougere","10":"product_tag-mousse","11":"product_tag-musk","13":"first","14":"instock","15":"sale","16":"shipping-taxable","17":"purchasable","18":"product-type-variable","19":"has-default-attributes"},"aioseo_notices":[],"jetpack_sharing_enabled":true,"_links":{"self":[{"href":"https:\/\/kayssoun.com\/en\/wp-json\/wp\/v2\/product\/1192","targetHints":{"allow":["GET"]}}],"collection":[{"href":"https:\/\/kayssoun.com\/en\/wp-json\/wp\/v2\/product"}],"about":[{"href":"https:\/\/kayssoun.com\/en\/wp-json\/wp\/v2\/types\/product"}],"replies":[{"embeddable":true,"href":"https:\/\/kayssoun.com\/en\/wp-json\/wp\/v2\/comments?post=1192"}],"wp:featuredmedia":[{"embeddable":true,"href":"https:\/\/kayssoun.com\/en\/wp-json\/wp\/v2\/media\/1242"}],"wp:attachment":[{"href":"https:\/\/kayssoun.com\/en\/wp-json\/wp\/v2\/media?parent=1192"}],"wp:term":[{"taxonomy":"product_brand","embeddable":true,"href":"https:\/\/kayssoun.com\/en\/wp-json\/wp\/v2\/product_brand?post=1192"},{"taxonomy":"product_cat","embeddable":true,"href":"https:\/\/kayssoun.com\/en\/wp-json\/wp\/v2\/product_cat?post=1192"},{"taxonomy":"product_tag","embeddable":true,"href":"https:\/\/kayssoun.com\/en\/wp-json\/wp\/v2\/product_tag?post=1192"}],"curies":[{"name":"wp","href":"https:\/\/api.w.org\/{rel}","templated":true}]}}