{"id":1183,"date":"2023-10-20T19:24:19","date_gmt":"2023-10-20T17:24:19","guid":{"rendered":"https:\/\/kayssoun.com\/?post_type=product&#038;p=1183"},"modified":"2026-02-16T21:52:39","modified_gmt":"2026-02-16T20:52:39","slug":"wood-encens","status":"publish","type":"product","link":"https:\/\/kayssoun.com\/en\/boutique\/parfum\/oud\/wood-encens\/","title":{"rendered":"Wood Incense"},"content":{"rendered":"<p>Wood encens est un parfum de Oud avec des notes douce de clou de girofles , de bois humide , de fum\u00e9 \u2026<\/p>\n<p>Rather gentle, it is appreciated by a wide audience.<\/p>\n<p>Son sillage est moyen, sa tenue est longue, sa texture huileuse.<\/p>\n<p>Disponible en flacon de 3ml ou 12ml selon votre choix.<\/p>","protected":false},"excerpt":{"rendered":"<p>Wood encens est un Oud d\u00e9licatement parfum\u00e9 de clou de girofle, de bois humide et de fum\u00e9e. Une fragrance signature, qui ne laisse pas indiff\u00e9rent.<\/p>","protected":false},"featured_media":1233,"comment_status":"open","ping_status":"closed","template":"","meta":[],"product_brand":[],"product_cat":[54,19],"product_tag":[28,51],"class_list":{"0":"post-1183","1":"product","2":"type-product","3":"status-publish","4":"has-post-thumbnail","6":"product_cat-oud","7":"product_cat-parfum","8":"product_tag-woody","9":"product_tag-clou-de-girofle","11":"first","12":"instock","13":"sale","14":"shipping-taxable","15":"purchasable","16":"product-type-variable"},"aioseo_notices":[],"jetpack_sharing_enabled":true,"_links":{"self":[{"href":"https:\/\/kayssoun.com\/en\/wp-json\/wp\/v2\/product\/1183","targetHints":{"allow":["GET"]}}],"collection":[{"href":"https:\/\/kayssoun.com\/en\/wp-json\/wp\/v2\/product"}],"about":[{"href":"https:\/\/kayssoun.com\/en\/wp-json\/wp\/v2\/types\/product"}],"replies":[{"embeddable":true,"href":"https:\/\/kayssoun.com\/en\/wp-json\/wp\/v2\/comments?post=1183"}],"wp:featuredmedia":[{"embeddable":true,"href":"https:\/\/kayssoun.com\/en\/wp-json\/wp\/v2\/media\/1233"}],"wp:attachment":[{"href":"https:\/\/kayssoun.com\/en\/wp-json\/wp\/v2\/media?parent=1183"}],"wp:term":[{"taxonomy":"product_brand","embeddable":true,"href":"https:\/\/kayssoun.com\/en\/wp-json\/wp\/v2\/product_brand?post=1183"},{"taxonomy":"product_cat","embeddable":true,"href":"https:\/\/kayssoun.com\/en\/wp-json\/wp\/v2\/product_cat?post=1183"},{"taxonomy":"product_tag","embeddable":true,"href":"https:\/\/kayssoun.com\/en\/wp-json\/wp\/v2\/product_tag?post=1183"}],"curies":[{"name":"wp","href":"https:\/\/api.w.org\/{rel}","templated":true}]}}