{"id":1168,"date":"2023-10-20T18:51:48","date_gmt":"2023-10-20T16:51:48","guid":{"rendered":"https:\/\/kayssoun.com\/?post_type=product&#038;p=1168"},"modified":"2026-01-01T01:18:17","modified_gmt":"2026-01-01T00:18:17","slug":"satin","status":"publish","type":"product","link":"https:\/\/kayssoun.com\/en\/boutique\/parfum\/satin\/","title":{"rendered":"Satin"},"content":{"rendered":"<p>Satin is a noble and exceptional fragrance available in very limited quantities.<\/p>\n<p>Its top note is that of the fresh but rounded rose, the pleasure of the fragrance of this flower without its faults, fresh and rich without being too acidic and heady.<\/p>\n<p>On devine en note de c\u0153ur l&#8217;\u00e9crin musk\u00e9 qui accompagne la rose, des grain de Musk marinant dans la rose et la vanille pures de premier choix .<\/p>\n<p>Its base note leaves a pleasant impression of a perfectly harmonious fragrance with a delicate balance of scents, present without being overpowering.<\/p>\n<p>Satin is used occasionally to accompany us in the important moments of our lives.<\/p>","protected":false},"excerpt":{"rendered":"<p>Satin est unique, fait \u00e0 base de v\u00e9ritable Musk, de rose de Noire et de vanille pure. Un parfum unique, une exclusivit\u00e9 Kayssoun.<\/p>","protected":false},"featured_media":1240,"comment_status":"open","ping_status":"closed","template":"","meta":[],"product_brand":[],"product_cat":[19],"product_tag":[30,36,43,44,45],"class_list":{"0":"post-1168","1":"product","2":"type-product","3":"status-publish","4":"has-post-thumbnail","6":"product_cat-parfum","7":"product_tag-flowery","8":"product_tag-frais","9":"product_tag-musk","10":"product_tag-rose","11":"product_tag-santal","13":"first","14":"instock","15":"sale","16":"featured","17":"shipping-taxable","18":"purchasable","19":"product-type-variable"},"aioseo_notices":[],"jetpack_sharing_enabled":true,"_links":{"self":[{"href":"https:\/\/kayssoun.com\/en\/wp-json\/wp\/v2\/product\/1168","targetHints":{"allow":["GET"]}}],"collection":[{"href":"https:\/\/kayssoun.com\/en\/wp-json\/wp\/v2\/product"}],"about":[{"href":"https:\/\/kayssoun.com\/en\/wp-json\/wp\/v2\/types\/product"}],"replies":[{"embeddable":true,"href":"https:\/\/kayssoun.com\/en\/wp-json\/wp\/v2\/comments?post=1168"}],"wp:featuredmedia":[{"embeddable":true,"href":"https:\/\/kayssoun.com\/en\/wp-json\/wp\/v2\/media\/1240"}],"wp:attachment":[{"href":"https:\/\/kayssoun.com\/en\/wp-json\/wp\/v2\/media?parent=1168"}],"wp:term":[{"taxonomy":"product_brand","embeddable":true,"href":"https:\/\/kayssoun.com\/en\/wp-json\/wp\/v2\/product_brand?post=1168"},{"taxonomy":"product_cat","embeddable":true,"href":"https:\/\/kayssoun.com\/en\/wp-json\/wp\/v2\/product_cat?post=1168"},{"taxonomy":"product_tag","embeddable":true,"href":"https:\/\/kayssoun.com\/en\/wp-json\/wp\/v2\/product_tag?post=1168"}],"curies":[{"name":"wp","href":"https:\/\/api.w.org\/{rel}","templated":true}]}}