{"id":1119,"date":"2023-10-19T11:50:35","date_gmt":"2023-10-19T09:50:35","guid":{"rendered":"https:\/\/kayssoun.com\/?post_type=product&#038;p=1119"},"modified":"2026-04-06T17:20:01","modified_gmt":"2026-04-06T15:20:01","slug":"musc-ghaliya","status":"publish","type":"product","link":"https:\/\/kayssoun.com\/en\/boutique\/parfum\/musc-ghaliya\/","title":{"rendered":"Ghaliya Musk"},"content":{"rendered":"<p>D\u00e9couvrez le musc Ghaliya, un parfum exceptionnel sign\u00e9 Kayssoun.<\/p>\n<p>V\u00e9ritable symphonie de notes rares et nobles. Ce parfum musqu\u00e9 et a\u00e9rien tire ses ingr\u00e9dients de textes anciens.<br \/>\nUne harmonie parfaite entre des essences venues d\u2019Inde, d\u2019Arabie et d\u2019Indon\u00e9sie.<\/p>\n<p>Notes de t\u00eate : Une ouverture lumineuse et \u00e9pic\u00e9e gr\u00e2ce au safran et \u00e0 une touche d\u2019encens, qui capte imm\u00e9diatement l\u2019attention.<\/p>\n<p>Notes de c\u0153ur : Le c\u0153ur r\u00e9v\u00e8le une richesse florale et bois\u00e9e avec la rose pakistanaise, le patchouli et l\u2019huile d\u2019agarwood, cr\u00e9ant une profondeur d\u00e9licate et raffin\u00e9e.<\/p>\n<p>Notes de fond : Enfin, le musc noir, l\u2019ambre et le Oud d\u2019Arabie apportent une tenue longue et un sillage enveloppant, laissant une empreinte inoubliable.<\/p>\n<p><span style=\"font-size: 14.4px;\">Le parfum Ghaliya, vendu exclusivement par Kayssoun, est un parfum extraordinaire, tr\u00e8s appr\u00e9ci\u00e9 pour son \u00e9l\u00e9gance et la richesse de ses ingr\u00e9dients.<br \/>\nLaissez-vous s\u00e9duire par cette fragrance unique, v\u00e9ritable tr\u00e9sor olfactif qui vous transportera dans un voyage sensoriel in\u00e9gal\u00e9.<\/span><\/p>\n<p>Disponible en flacon de 3ml et 12ml selon votre choix.<\/p>\n<p>Dans le m\u00eame esprit d\u2019effluves nobles, d\u00e9couvrez le parfum Passion\u00a0<a href=\"https:\/\/kayssoun.com\/en\/boutique\/parfum\/passion\/\">https:\/\/kayssoun.com\/boutique\/parfum\/passion\/<\/a><\/p>\n<p>&nbsp;<\/p>\n<p>Visitez notre compte TikTok\u00a0<a href=\"https:\/\/www.tiktok.com\/@kayssoun_parfums?_t=ZN-90T0RMlIE1j&amp;_r=1\">https:\/\/www.tiktok.com\/@kayssoun_parfums?_t=ZN-90T0RMlIE1j&amp;_r=1<\/a><\/p>","protected":false},"excerpt":{"rendered":"<p>Musc Ghaliya, un parfum musqu\u00e9 aux notes de safran,de rose pakistanaise et de Oud d\u2019Arabie, offrant un sillage \u00e9l\u00e9gant et une harmonie rare.<\/p>","protected":false},"featured_media":2449,"comment_status":"open","ping_status":"closed","template":"","meta":[],"product_brand":[],"product_cat":[19],"product_tag":[34,28,37],"class_list":{"0":"post-1119","1":"product","2":"type-product","3":"status-publish","4":"has-post-thumbnail","6":"product_cat-parfum","7":"product_tag-ambre","8":"product_tag-woody","9":"product_tag-camphre","11":"first","12":"instock","13":"sale","14":"shipping-taxable","15":"purchasable","16":"product-type-variable","17":"has-default-attributes"},"aioseo_notices":[],"jetpack_sharing_enabled":true,"_links":{"self":[{"href":"https:\/\/kayssoun.com\/en\/wp-json\/wp\/v2\/product\/1119","targetHints":{"allow":["GET"]}}],"collection":[{"href":"https:\/\/kayssoun.com\/en\/wp-json\/wp\/v2\/product"}],"about":[{"href":"https:\/\/kayssoun.com\/en\/wp-json\/wp\/v2\/types\/product"}],"replies":[{"embeddable":true,"href":"https:\/\/kayssoun.com\/en\/wp-json\/wp\/v2\/comments?post=1119"}],"wp:featuredmedia":[{"embeddable":true,"href":"https:\/\/kayssoun.com\/en\/wp-json\/wp\/v2\/media\/2449"}],"wp:attachment":[{"href":"https:\/\/kayssoun.com\/en\/wp-json\/wp\/v2\/media?parent=1119"}],"wp:term":[{"taxonomy":"product_brand","embeddable":true,"href":"https:\/\/kayssoun.com\/en\/wp-json\/wp\/v2\/product_brand?post=1119"},{"taxonomy":"product_cat","embeddable":true,"href":"https:\/\/kayssoun.com\/en\/wp-json\/wp\/v2\/product_cat?post=1119"},{"taxonomy":"product_tag","embeddable":true,"href":"https:\/\/kayssoun.com\/en\/wp-json\/wp\/v2\/product_tag?post=1119"}],"curies":[{"name":"wp","href":"https:\/\/api.w.org\/{rel}","templated":true}]}}