{"id":1032,"date":"2023-10-19T06:37:58","date_gmt":"2023-10-19T04:37:58","guid":{"rendered":"https:\/\/kayssoun.com\/?post_type=product&#038;p=1032"},"modified":"2026-03-09T01:45:32","modified_gmt":"2026-03-09T00:45:32","slug":"ambre-royal","status":"publish","type":"product","link":"https:\/\/kayssoun.com\/en\/boutique\/parfum\/ambre-royal\/","title":{"rendered":"Royal Amber"},"content":{"rendered":"<p>Le fabuleux Ambre Royal est un de nos parfums les plus populaire de ces 13 derni\u00e8res ann\u00e9es.<\/p>\n<p>Il est tr\u00e8s proche de part sa senteur, du fameux patchouli des ann\u00e9es 70, celui dont le monde \u00e9tait amoureux!<\/p>\n<p>Les hippies, mouvement lib\u00e9rale de cette \u00e9poque, voyageaient \u00e0 travers le monde pour d\u00e9couvrir de nouveaux produits d\u00e9contractant hallucinog\u00e8nes, et revenaient de leur p\u00e9riple avec de petites d\u00e9couvertes, et ce fameux Ambre Royal en faisait partie, comme le patchouli \u00e9galement.<br \/>\nSon succ\u00e8s ne cessa de grandir dans l\u2019hexagone durant plus de deux d\u00e9cennies!<\/p>\n<p>Its amber scent reveals our relaxing warm and sweet spices.<br \/>\nIt differs from other known ambers by this vanilla sweetness accompanying it.<\/p>\n<p>D\u00e9couvert lors d\u2019une halte dans un village en Inde, le sillage d\u2019une personne marchant devant moi m\u2019avait envo\u00fbt\u00e9 sous la chaleur du soleil en \u00e9t\u00e9, je suis all\u00e9 le voir pour lui demander qu\u2019elle ambre laissait des notes si agr\u00e9ables? Celui ci m\u2019a directement dit o\u00f9 je pouvait trouver ce parfum mystique.<\/p>\n<p>Son parfum est pr\u00e9sent sans \u00eatre ent\u00eatant, et il garde cette particularit\u00e9 qui adouci les \u00e9motions, comme s\u2019il \u00e9tait la source d\u2019un calme apaisant.<\/p>\n<p>L\u2019ambre royal est un parfum v\u00e9g\u00e9tal, \u00e9labor\u00e9 de mani\u00e8re artisanale par un ma\u00eetre parfumeur qui a acquis ce savoir faire transmis de g\u00e9n\u00e9ration en g\u00e9n\u00e9ration depuis plus de 200 ans.<\/p>\n<p>Ce parfum noble respecte les traditions et met en valeur des ingr\u00e9dient v\u00e9g\u00e9taux de qualit\u00e9.<\/p>\n<p>Un parfum provenant d&#8217;Inde.<\/p>\n<p>Sa tenue est tr\u00e8s longue, sa texture est huileuse et son sillage est moyen car il varie selon la temp\u00e9rature ambiante.<\/p>\n<p>Enrichissez votre voyage olfactif avec \u00ab la douceur de l\u2019ambre \u00bb\u00a0<a href=\"https:\/\/kayssoun.com\/en\/boutique\/parfum\/douceur-ambre\/\">https:\/\/kayssoun.com\/boutique\/parfum\/douceur-ambre\/<\/a><\/p>\n<p>visitez notre page kayssoun sur TikTok\u00a0<a href=\"https:\/\/www.tiktok.com\/@kayssoun_parfums?_t=ZN-90Q351mVUrW&amp;_r=1\">https:\/\/www.tiktok.com\/@kayssoun_parfums?_t=ZN-90Q351mVUrW&amp;_r=1<\/a><\/p>\n<p>&nbsp;<\/p>","protected":false},"excerpt":{"rendered":"<p>L\u2019ambre royal aux notes chaleureuses et raffin\u00e9es.<\/p>\n<p>Des effluves envo\u00fbtantes, inspir\u00e9es par les traditions parfum\u00e9es de l\u2019Inde,<\/p>\n<p>&nbsp;<\/p>","protected":false},"featured_media":2454,"comment_status":"open","ping_status":"closed","template":"","meta":[],"product_brand":[],"product_cat":[19],"product_tag":[34,35,38,33,42],"class_list":{"0":"post-1032","1":"product","2":"type-product","3":"status-publish","4":"has-post-thumbnail","6":"product_cat-parfum","7":"product_tag-ambre","8":"product_tag-doux","9":"product_tag-epice","10":"product_tag-sucre","11":"product_tag-vanille","13":"first","14":"instock","15":"sale","16":"shipping-taxable","17":"purchasable","18":"product-type-variable","19":"has-default-attributes"},"aioseo_notices":[],"jetpack_sharing_enabled":true,"_links":{"self":[{"href":"https:\/\/kayssoun.com\/en\/wp-json\/wp\/v2\/product\/1032","targetHints":{"allow":["GET"]}}],"collection":[{"href":"https:\/\/kayssoun.com\/en\/wp-json\/wp\/v2\/product"}],"about":[{"href":"https:\/\/kayssoun.com\/en\/wp-json\/wp\/v2\/types\/product"}],"replies":[{"embeddable":true,"href":"https:\/\/kayssoun.com\/en\/wp-json\/wp\/v2\/comments?post=1032"}],"wp:featuredmedia":[{"embeddable":true,"href":"https:\/\/kayssoun.com\/en\/wp-json\/wp\/v2\/media\/2454"}],"wp:attachment":[{"href":"https:\/\/kayssoun.com\/en\/wp-json\/wp\/v2\/media?parent=1032"}],"wp:term":[{"taxonomy":"product_brand","embeddable":true,"href":"https:\/\/kayssoun.com\/en\/wp-json\/wp\/v2\/product_brand?post=1032"},{"taxonomy":"product_cat","embeddable":true,"href":"https:\/\/kayssoun.com\/en\/wp-json\/wp\/v2\/product_cat?post=1032"},{"taxonomy":"product_tag","embeddable":true,"href":"https:\/\/kayssoun.com\/en\/wp-json\/wp\/v2\/product_tag?post=1032"}],"curies":[{"name":"wp","href":"https:\/\/api.w.org\/{rel}","templated":true}]}}