{"id":1005,"date":"2023-10-19T02:42:50","date_gmt":"2023-10-19T00:42:50","guid":{"rendered":"https:\/\/kayssoun.com\/?post_type=product&#038;p=1005"},"modified":"2025-11-27T19:36:50","modified_gmt":"2025-11-27T18:36:50","slug":"musc-du-kashmir","status":"publish","type":"product","link":"https:\/\/kayssoun.com\/en\/boutique\/parfum\/musc-du-kashmir\/","title":{"rendered":"Musc du Kashmir"},"content":{"rendered":"<p>Le Musc du Kashmir, un parfum authentique des montagnes du Kashmir, qui d\u00e9voile subtilement des notes de t\u00eate \u00e9pic\u00e9es, se d\u00e9veloppant dans une chaleur envo\u00fbtante de ph\u00e9romones, caract\u00e9risant ce musc unique.<\/p>\n<p>This sweet, mysterious and captivating fragrance constantly evolves, recalling its presence while remaining discreet.<\/p>\n<p>Its black color with red highlights, as well as its variable texture depending on the ambient temperature, add to its charm.<\/p>\n<p>Exceptionally rare and in a very limited edition, Cachemiry offers an unforgettable scent experience.<\/p>\n<p>Dans le m\u00eame esprit de puret\u00e9, d\u00e9couvrez le musk noir de kastouri\u00a0<a href=\"https:\/\/kayssoun.com\/en\/boutique\/parfum\/kastouri-noir\/\">https:\/\/kayssoun.com\/boutique\/parfum\/kastouri-noir\/<\/a><\/p>\n<p>Visitez notre m\u00e9dia TikTok\u00a0<a href=\"https:\/\/www.tiktok.com\/@kayssoun_parfums?_t=ZN-90T0RMlIE1j&amp;_r=1\">https:\/\/www.tiktok.com\/@kayssoun_parfums?_t=ZN-90T0RMlIE1j&amp;_r=1<\/a><\/p>","protected":false},"excerpt":{"rendered":"<p>Musc du Kashmir, un parfum rare et myst\u00e9rieux, \u00e9voque un m\u00e9lange envo\u00fbtant d&#8217;\u00e9pices, de douceur et de chaleur, cr\u00e9ant une exp\u00e9rience olfactive captivante et discr\u00e8te, tout droit des montagnes du Cachemire.<\/p>","protected":false},"featured_media":2544,"comment_status":"open","ping_status":"closed","template":"","meta":[],"product_brand":[],"product_cat":[19],"product_tag":[35,38],"class_list":{"0":"post-1005","1":"product","2":"type-product","3":"status-publish","4":"has-post-thumbnail","6":"product_cat-parfum","7":"product_tag-doux","8":"product_tag-epice","10":"first","11":"instock","12":"sale","13":"shipping-taxable","14":"purchasable","15":"product-type-variable","16":"has-default-attributes"},"aioseo_notices":[],"jetpack_sharing_enabled":true,"_links":{"self":[{"href":"https:\/\/kayssoun.com\/en\/wp-json\/wp\/v2\/product\/1005","targetHints":{"allow":["GET"]}}],"collection":[{"href":"https:\/\/kayssoun.com\/en\/wp-json\/wp\/v2\/product"}],"about":[{"href":"https:\/\/kayssoun.com\/en\/wp-json\/wp\/v2\/types\/product"}],"replies":[{"embeddable":true,"href":"https:\/\/kayssoun.com\/en\/wp-json\/wp\/v2\/comments?post=1005"}],"wp:featuredmedia":[{"embeddable":true,"href":"https:\/\/kayssoun.com\/en\/wp-json\/wp\/v2\/media\/2544"}],"wp:attachment":[{"href":"https:\/\/kayssoun.com\/en\/wp-json\/wp\/v2\/media?parent=1005"}],"wp:term":[{"taxonomy":"product_brand","embeddable":true,"href":"https:\/\/kayssoun.com\/en\/wp-json\/wp\/v2\/product_brand?post=1005"},{"taxonomy":"product_cat","embeddable":true,"href":"https:\/\/kayssoun.com\/en\/wp-json\/wp\/v2\/product_cat?post=1005"},{"taxonomy":"product_tag","embeddable":true,"href":"https:\/\/kayssoun.com\/en\/wp-json\/wp\/v2\/product_tag?post=1005"}],"curies":[{"name":"wp","href":"https:\/\/api.w.org\/{rel}","templated":true}]}}